{"id":3612,"date":"2024-11-08T09:06:49","date_gmt":"2024-11-08T09:06:49","guid":{"rendered":"https:\/\/lanzo.hu\/what-else-do-we-do\/"},"modified":"2025-10-19T07:57:41","modified_gmt":"2025-10-19T07:57:41","slug":"what-else-do-we-do","status":"publish","type":"page","link":"https:\/\/lanzo.hu\/en\/what-else-do-we-do\/","title":{"rendered":"What else do we do?"},"content":{"rendered":"\t\t<div data-elementor-type=\"wp-page\" data-elementor-id=\"3612\" class=\"elementor elementor-3612 elementor-1334\" data-elementor-post-type=\"page\">\n\t\t\t\t<div class=\"elementor-element elementor-element-4f428db e-flex e-con-boxed e-con e-parent\" data-id=\"4f428db\" data-element_type=\"container\" data-e-type=\"container\" data-settings=\"{&quot;background_background&quot;:&quot;classic&quot;}\">\n\t\t\t\t\t<div class=\"e-con-inner\">\n\t\t\t\t<div class=\"elementor-element elementor-element-ccd268d elementor-icon-list--layout-inline elementor-mobile-align-center elementor-list-item-link-full_width elementor-widget elementor-widget-icon-list\" data-id=\"ccd268d\" data-element_type=\"widget\" data-e-type=\"widget\" data-widget_type=\"icon-list.default\">\n\t\t\t\t<div class=\"elementor-widget-container\">\n\t\t\t\t\t\t\t<ul class=\"elementor-icon-list-items elementor-inline-items\">\n\t\t\t\t\t\t\t<li class=\"elementor-icon-list-item elementor-inline-item\">\n\t\t\t\t\t\t\t\t\t\t\t<a href=\"\/\">\n\n\t\t\t\t\t\t\t\t\t\t\t<span class=\"elementor-icon-list-text\">Home Page<\/span>\n\t\t\t\t\t\t\t\t\t\t\t<\/a>\n\t\t\t\t\t\t\t\t\t<\/li>\n\t\t\t\t\t\t\t\t<li class=\"elementor-icon-list-item elementor-inline-item\">\n\t\t\t\t\t\t\t\t\t\t\t<span class=\"elementor-icon-list-icon\">\n\t\t\t\t\t\t\t<svg aria-hidden=\"true\" class=\"e-font-icon-svg e-fas-chevron-right\" viewBox=\"0 0 320 512\" xmlns=\"http:\/\/www.w3.org\/2000\/svg\"><path d=\"M285.476 272.971L91.132 467.314c-9.373 9.373-24.569 9.373-33.941 0l-22.667-22.667c-9.357-9.357-9.375-24.522-.04-33.901L188.505 256 34.484 101.255c-9.335-9.379-9.317-24.544.04-33.901l22.667-22.667c9.373-9.373 24.569-9.373 33.941 0L285.475 239.03c9.373 9.372 9.373 24.568.001 33.941z\"><\/path><\/svg>\t\t\t\t\t\t<\/span>\n\t\t\t\t\t\t\t\t\t\t<span class=\"elementor-icon-list-text\">What else do we do?<\/span>\n\t\t\t\t\t\t\t\t\t<\/li>\n\t\t\t\t\t\t<\/ul>\n\t\t\t\t\t\t<\/div>\n\t\t\t\t<\/div>\n\t\t<div class=\"elementor-element elementor-element-40cc7d8 e-grid e-con-full e-con e-child\" data-id=\"40cc7d8\" data-element_type=\"container\" data-e-type=\"container\">\n\t\t\t\t<div class=\"elementor-element elementor-element-f7222cf elementor-widget elementor-widget-image\" data-id=\"f7222cf\" data-element_type=\"widget\" data-e-type=\"widget\" data-widget_type=\"image.default\">\n\t\t\t\t<div class=\"elementor-widget-container\">\n\t\t\t\t\t\t\t\t\t\t\t\t\t\t\t<img fetchpriority=\"high\" decoding=\"async\" width=\"300\" height=\"222\" src=\"https:\/\/lanzo.hu\/wp-content\/uploads\/2024\/08\/LANZO_TRANSFORMER_IKON_BLACK-300x222.png\" class=\"attachment-medium size-medium wp-image-175\" alt=\"\" srcset=\"https:\/\/lanzo.hu\/wp-content\/uploads\/2024\/08\/LANZO_TRANSFORMER_IKON_BLACK-300x222.png 300w, https:\/\/lanzo.hu\/wp-content\/uploads\/2024\/08\/LANZO_TRANSFORMER_IKON_BLACK-1024x758.png 1024w, https:\/\/lanzo.hu\/wp-content\/uploads\/2024\/08\/LANZO_TRANSFORMER_IKON_BLACK-768x569.png 768w, https:\/\/lanzo.hu\/wp-content\/uploads\/2024\/08\/LANZO_TRANSFORMER_IKON_BLACK.png 1125w\" sizes=\"(max-width: 300px) 100vw, 300px\" \/>\t\t\t\t\t\t\t\t\t\t\t\t\t\t\t<\/div>\n\t\t\t\t<\/div>\n\t\t\t\t<div class=\"elementor-element elementor-element-3346870 elementor-widget elementor-widget-heading\" data-id=\"3346870\" data-element_type=\"widget\" data-e-type=\"widget\" data-widget_type=\"heading.default\">\n\t\t\t\t<div class=\"elementor-widget-container\">\n\t\t\t\t\t<h1 class=\"elementor-heading-title elementor-size-default\">What else do we do?<\/h1>\t\t\t\t<\/div>\n\t\t\t\t<\/div>\n\t\t\t\t<\/div>\n\t\t\t\t\t<\/div>\n\t\t\t\t<\/div>\n\t\t<div class=\"elementor-element elementor-element-b00b195 e-flex e-con-boxed e-con e-parent\" data-id=\"b00b195\" data-element_type=\"container\" data-e-type=\"container\" data-settings=\"{&quot;background_background&quot;:&quot;classic&quot;}\">\n\t\t\t\t\t<div class=\"e-con-inner\">\n\t\t<div class=\"elementor-element elementor-element-5a6772c e-con-full e-flex e-con e-child\" data-id=\"5a6772c\" data-element_type=\"container\" data-e-type=\"container\">\n\t\t\t\t<div class=\"elementor-element elementor-element-3fc93f7 elementor-widget elementor-widget-image\" data-id=\"3fc93f7\" data-element_type=\"widget\" data-e-type=\"widget\" data-widget_type=\"image.default\">\n\t\t\t\t<div class=\"elementor-widget-container\">\n\t\t\t\t\t\t\t\t\t\t\t\t\t\t\t<img decoding=\"async\" width=\"768\" height=\"1024\" src=\"https:\/\/lanzo.hu\/wp-content\/uploads\/2024\/11\/transzformator-18-768x1024.jpg\" class=\"attachment-large size-large wp-image-1514\" alt=\"\" srcset=\"https:\/\/lanzo.hu\/wp-content\/uploads\/2024\/11\/transzformator-18-768x1024.jpg 768w, https:\/\/lanzo.hu\/wp-content\/uploads\/2024\/11\/transzformator-18-225x300.jpg 225w, https:\/\/lanzo.hu\/wp-content\/uploads\/2024\/11\/transzformator-18-1152x1536.jpg 1152w, https:\/\/lanzo.hu\/wp-content\/uploads\/2024\/11\/transzformator-18-1536x2048.jpg 1536w, https:\/\/lanzo.hu\/wp-content\/uploads\/2024\/11\/transzformator-18.jpg 1920w\" sizes=\"(max-width: 768px) 100vw, 768px\" \/>\t\t\t\t\t\t\t\t\t\t\t\t\t\t\t<\/div>\n\t\t\t\t<\/div>\n\t\t\t\t<\/div>\n\t\t<div class=\"elementor-element elementor-element-81e0c3f e-con-full e-flex e-con e-child\" data-id=\"81e0c3f\" data-element_type=\"container\" data-e-type=\"container\">\n\t\t\t\t<div class=\"elementor-element elementor-element-370ef89 elementor-widget elementor-widget-heading\" data-id=\"370ef89\" data-element_type=\"widget\" data-e-type=\"widget\" data-widget_type=\"heading.default\">\n\t\t\t\t<div class=\"elementor-widget-container\">\n\t\t\t\t\t<h2 class=\"elementor-heading-title elementor-size-default\">What else do we do?<\/h2>\t\t\t\t<\/div>\n\t\t\t\t<\/div>\n\t\t\t\t<div class=\"elementor-element elementor-element-90cfee4 elementor-widget elementor-widget-text-editor\" data-id=\"90cfee4\" data-element_type=\"widget\" data-e-type=\"widget\" data-widget_type=\"text-editor.default\">\n\t\t\t\t<div class=\"elementor-widget-container\">\n\t\t\t\t\t\t\t\t\tWhy choose the Lanzo team? The answer is easy: we deliver complete construction services rather than just assembly work. Lanzo&#8217;s 25+ years of expertise ensure our capability in delivering both custom solutions and other electrical services.  \t\t\t\t\t\t\t\t<\/div>\n\t\t\t\t<\/div>\n\t\t\t\t<\/div>\n\t\t\t\t\t<\/div>\n\t\t\t\t<\/div>\n\t\t<div class=\"elementor-element elementor-element-5382b9a e-flex e-con-boxed e-con e-parent\" data-id=\"5382b9a\" data-element_type=\"container\" data-e-type=\"container\">\n\t\t\t\t\t<div class=\"e-con-inner\">\n\t\t\t\t<div class=\"elementor-element elementor-element-339a9fb elementor-widget elementor-widget-heading\" data-id=\"339a9fb\" data-element_type=\"widget\" data-e-type=\"widget\" data-widget_type=\"heading.default\">\n\t\t\t\t<div class=\"elementor-widget-container\">\n\t\t\t\t\t<h2 class=\"elementor-heading-title elementor-size-default\">Extra electrical services:<\/h2>\t\t\t\t<\/div>\n\t\t\t\t<\/div>\n\t\t\t\t<div class=\"elementor-element elementor-element-074e820 elementor-widget elementor-widget-text-editor\" data-id=\"074e820\" data-element_type=\"widget\" data-e-type=\"widget\" data-widget_type=\"text-editor.default\">\n\t\t\t\t<div class=\"elementor-widget-container\">\n\t\t\t\t\t\t\t\t\t<p><b>In addition to our three main business areas, Lanzo also provides extra electrical services. Our goal is to provide our clients with comprehensive solutions and high-quality implementation work. Some extra electrical services we offer include:   <\/b><\/p><ul><li><b>Public lighting installation and modernisation: <\/b>Primarily, we handle public lighting projects for municipal clients, but we have solutions for businesses as well. If you want to install or upgrade outdoor lighting at your site, our team can assist with a custom design. <\/li><\/ul><div> <\/div><ul><li><b>Network construction: <\/b>Network construction is a technically complex task. Lanzo has up-to-date expertise in the construction of low- and medium-voltage overhead and cable networks. At every voltage level, the project includes the installation of meter cabinets and the integration of measuring transformers necessary for electricity measurement. At the medium voltage level, we also install manually operated (OK) and remotely operated (TMOK) switchgear on overhead networks.   <ul><li>Establishment of low voltage networks of <b>0.4 and 1 kV<\/b><\/li><li>Establishment of medium voltage networks of <b>3, 6, 10, and 22 kV<\/b><\/li><\/ul><\/li><\/ul><div> <\/div><ul><li><b>Low and medium voltage cable installation: <\/b>The installation or relocation of low and medium voltage cables is an essential part of most electrical works. If a complete network construction is not required, we perform cable installation as part of the implementation project. <\/li><\/ul><div> <\/div><ul><li><b>Installation of distribution cabinets: <\/b>Whether you need solar panel distribution, outdoor connection boxes for EV charging, or meter upgrades on transformers, we are here to help. Our team provides more than just installation and relocation services for distribution cabinets; our extensive partnerships allow us to aid clients in the manufacturing process as well. <\/li><\/ul><div> <\/div><ul><li><b>Installation and programming of solar feed-in protection (\u201cvisz-watt\u201d) systems: <\/b>In both residential and industrial segments, the electricity provider may require the limitation of feed-in. In this case, the solar system cannot feed into the public network, and additional regulation must be integrated into the system to prevent this. In the systems we install, we can almost invariably implement feed-in prevention.   <\/li><\/ul>\t\t\t\t\t\t\t\t<\/div>\n\t\t\t\t<\/div>\n\t\t\t\t\t<\/div>\n\t\t\t\t<\/div>\n\t\t<div class=\"elementor-element elementor-element-c8e0fd4 e-flex e-con-boxed e-con e-parent\" data-id=\"c8e0fd4\" data-element_type=\"container\" data-e-type=\"container\" data-settings=\"{&quot;background_background&quot;:&quot;classic&quot;}\">\n\t\t\t\t\t<div class=\"e-con-inner\">\n\t\t<div class=\"elementor-element elementor-element-0ce6e56 e-con-full e-flex e-con e-child\" data-id=\"0ce6e56\" data-element_type=\"container\" data-e-type=\"container\">\n\t\t\t\t<div class=\"elementor-element elementor-element-6aae315 elementor-widget elementor-widget-heading\" data-id=\"6aae315\" data-element_type=\"widget\" data-e-type=\"widget\" data-widget_type=\"heading.default\">\n\t\t\t\t<div class=\"elementor-widget-container\">\n\t\t\t\t\t<h2 class=\"elementor-heading-title elementor-size-default\">Why is Lanzo the best choice for electrical projects?<\/h2>\t\t\t\t<\/div>\n\t\t\t\t<\/div>\n\t\t\t\t<div class=\"elementor-element elementor-element-63b58e0 elementor-widget elementor-widget-text-editor\" data-id=\"63b58e0\" data-element_type=\"widget\" data-e-type=\"widget\" data-widget_type=\"text-editor.default\">\n\t\t\t\t<div class=\"elementor-widget-container\">\n\t\t\t\t\t\t\t\t\t<p>Lanzo&#8217;s expert team is available anywhere in the country to provide its extra electrical services.<\/p>\n<p>We flexibly adapt to our clients&#8217; needs and offer our products and services at competitive prices. Choose Lanzo if you have multiple electrical jobs to complete, as this allows you to work with just one provider. <\/p>\n<p>We can provide comprehensive solutions for every electrical project: Design \u2013 Permit procedure \u2013 Manufacturing \u2013 Implementation \u2013 Maintenance<br><\/p>\t\t\t\t\t\t\t\t<\/div>\n\t\t\t\t<\/div>\n\t\t\t\t<div class=\"elementor-element elementor-element-2720805 elementor-align-left elementor-widget__width-auto elementor-widget elementor-widget-button\" data-id=\"2720805\" data-element_type=\"widget\" data-e-type=\"widget\" data-widget_type=\"button.default\">\n\t\t\t\t<div class=\"elementor-widget-container\">\n\t\t\t\t\t\t\t\t\t<div class=\"elementor-button-wrapper\">\n\t\t\t\t\t<a class=\"elementor-button elementor-button-link elementor-size-sm\" href=\"#kapcsolat\">\n\t\t\t\t\t\t<span class=\"elementor-button-content-wrapper\">\n\t\t\t\t\t\t\t\t\t<span class=\"elementor-button-text\">Request a quote!<\/span>\n\t\t\t\t\t<\/span>\n\t\t\t\t\t<\/a>\n\t\t\t\t<\/div>\n\t\t\t\t\t\t\t\t<\/div>\n\t\t\t\t<\/div>\n\t\t\t\t<\/div>\n\t\t\t\t\t<\/div>\n\t\t\t\t<\/div>\n\t\t<div class=\"elementor-element elementor-element-90ffc29 e-flex e-con-boxed e-con e-parent\" data-id=\"90ffc29\" data-element_type=\"container\" data-e-type=\"container\" id=\"kapcsolat\" data-settings=\"{&quot;background_background&quot;:&quot;classic&quot;}\">\n\t\t\t\t\t<div class=\"e-con-inner\">\n\t\t<div class=\"elementor-element elementor-element-b16109f e-con-full e-flex e-con e-child\" data-id=\"b16109f\" data-element_type=\"container\" data-e-type=\"container\">\n\t\t\t\t<div class=\"elementor-element elementor-element-35a28c2 elementor-widget elementor-widget-heading\" data-id=\"35a28c2\" data-element_type=\"widget\" data-e-type=\"widget\" data-widget_type=\"heading.default\">\n\t\t\t\t<div class=\"elementor-widget-container\">\n\t\t\t\t\t<h2 class=\"elementor-heading-title elementor-size-default\">Contact<\/h2>\t\t\t\t<\/div>\n\t\t\t\t<\/div>\n\t\t\t\t<div class=\"elementor-element elementor-element-0f0b911 elementor-widget elementor-widget-text-editor\" data-id=\"0f0b911\" data-element_type=\"widget\" data-e-type=\"widget\" data-widget_type=\"text-editor.default\">\n\t\t\t\t<div class=\"elementor-widget-container\">\n\t\t\t\t\t\t\t\t\tContact us at any of our contact details or fill out our form!\n\t\t\t\t\t\t\t\t<\/div>\n\t\t\t\t<\/div>\n\t\t\t\t<div class=\"elementor-element elementor-element-89e1e96 elementor-tablet-align-start elementor-mobile-align-center elementor-icon-list--layout-traditional elementor-list-item-link-full_width elementor-widget elementor-widget-icon-list\" data-id=\"89e1e96\" data-element_type=\"widget\" data-e-type=\"widget\" data-widget_type=\"icon-list.default\">\n\t\t\t\t<div class=\"elementor-widget-container\">\n\t\t\t\t\t\t\t<ul class=\"elementor-icon-list-items\">\n\t\t\t\t\t\t\t<li class=\"elementor-icon-list-item\">\n\t\t\t\t\t\t\t\t\t\t\t<span class=\"elementor-icon-list-icon\">\n\t\t\t\t\t\t\t<svg aria-hidden=\"true\" class=\"e-font-icon-svg e-fas-map-marked-alt\" viewBox=\"0 0 576 512\" xmlns=\"http:\/\/www.w3.org\/2000\/svg\"><path d=\"M288 0c-69.59 0-126 56.41-126 126 0 56.26 82.35 158.8 113.9 196.02 6.39 7.54 17.82 7.54 24.2 0C331.65 284.8 414 182.26 414 126 414 56.41 357.59 0 288 0zm0 168c-23.2 0-42-18.8-42-42s18.8-42 42-42 42 18.8 42 42-18.8 42-42 42zM20.12 215.95A32.006 32.006 0 0 0 0 245.66v250.32c0 11.32 11.43 19.06 21.94 14.86L160 448V214.92c-8.84-15.98-16.07-31.54-21.25-46.42L20.12 215.95zM288 359.67c-14.07 0-27.38-6.18-36.51-16.96-19.66-23.2-40.57-49.62-59.49-76.72v182l192 64V266c-18.92 27.09-39.82 53.52-59.49 76.72-9.13 10.77-22.44 16.95-36.51 16.95zm266.06-198.51L416 224v288l139.88-55.95A31.996 31.996 0 0 0 576 426.34V176.02c0-11.32-11.43-19.06-21.94-14.86z\"><\/path><\/svg>\t\t\t\t\t\t<\/span>\n\t\t\t\t\t\t\t\t\t\t<span class=\"elementor-icon-list-text\">2243 K\u00f3ka, Nagyk\u00e1tai \u00fat 19.<\/span>\n\t\t\t\t\t\t\t\t\t<\/li>\n\t\t\t\t\t\t\t\t<li class=\"elementor-icon-list-item\">\n\t\t\t\t\t\t\t\t\t\t\t<a href=\"mailto:ajanlat@lanzo.hu\">\n\n\t\t\t\t\t\t\t\t\t\t\t\t<span class=\"elementor-icon-list-icon\">\n\t\t\t\t\t\t\t<svg aria-hidden=\"true\" class=\"e-font-icon-svg e-fas-envelope\" viewBox=\"0 0 512 512\" xmlns=\"http:\/\/www.w3.org\/2000\/svg\"><path d=\"M502.3 190.8c3.9-3.1 9.7-.2 9.7 4.7V400c0 26.5-21.5 48-48 48H48c-26.5 0-48-21.5-48-48V195.6c0-5 5.7-7.8 9.7-4.7 22.4 17.4 52.1 39.5 154.1 113.6 21.1 15.4 56.7 47.8 92.2 47.6 35.7.3 72-32.8 92.3-47.6 102-74.1 131.6-96.3 154-113.7zM256 320c23.2.4 56.6-29.2 73.4-41.4 132.7-96.3 142.8-104.7 173.4-128.7 5.8-4.5 9.2-11.5 9.2-18.9v-19c0-26.5-21.5-48-48-48H48C21.5 64 0 85.5 0 112v19c0 7.4 3.4 14.3 9.2 18.9 30.6 23.9 40.7 32.4 173.4 128.7 16.8 12.2 50.2 41.8 73.4 41.4z\"><\/path><\/svg>\t\t\t\t\t\t<\/span>\n\t\t\t\t\t\t\t\t\t\t<span class=\"elementor-icon-list-text\"><u>ajanlat@lanzo.hu<\/u><\/span>\n\t\t\t\t\t\t\t\t\t\t\t<\/a>\n\t\t\t\t\t\t\t\t\t<\/li>\n\t\t\t\t\t\t<\/ul>\n\t\t\t\t\t\t<\/div>\n\t\t\t\t<\/div>\n\t\t\t\t<\/div>\n\t\t<div class=\"elementor-element elementor-element-9fe4b03 e-con-full e-flex e-con e-child\" data-id=\"9fe4b03\" data-element_type=\"container\" data-e-type=\"container\">\n\t\t\t\t<div class=\"elementor-element elementor-element-1b71ba1 elementor-widget elementor-widget-html\" data-id=\"1b71ba1\" data-element_type=\"widget\" data-e-type=\"widget\" data-widget_type=\"html.default\">\n\t\t\t\t<div class=\"elementor-widget-container\">\n\t\t\t\t\t<script async src='https:\/\/r3.minicrm.hu\/api\/loader.js?70514-1k5ir715bp0rrfkt7xy01hcpp97dmf'><\/script>\t\t\t\t<\/div>\n\t\t\t\t<\/div>\n\t\t\t\t<\/div>\n\t\t\t\t\t<\/div>\n\t\t\t\t<\/div>\n\t\t\t\t<\/div>\n\t\t","protected":false},"excerpt":{"rendered":"<p>Home Page What else do we do? What else do we do? What else do we do? Why choose the Lanzo team? The answer is easy: we deliver complete construction services rather than just assembly work. Lanzo&#8217;s 25+ years of expertise ensure our capability in delivering both custom solutions and other electrical services. Extra electrical [&hellip;]<\/p>\n","protected":false},"author":1,"featured_media":0,"parent":0,"menu_order":0,"comment_status":"closed","ping_status":"closed","template":"elementor_header_footer","meta":{"footnotes":""},"class_list":["post-3612","page","type-page","status-publish","hentry"],"_links":{"self":[{"href":"https:\/\/lanzo.hu\/en\/wp-json\/wp\/v2\/pages\/3612","targetHints":{"allow":["GET"]}}],"collection":[{"href":"https:\/\/lanzo.hu\/en\/wp-json\/wp\/v2\/pages"}],"about":[{"href":"https:\/\/lanzo.hu\/en\/wp-json\/wp\/v2\/types\/page"}],"author":[{"embeddable":true,"href":"https:\/\/lanzo.hu\/en\/wp-json\/wp\/v2\/users\/1"}],"replies":[{"embeddable":true,"href":"https:\/\/lanzo.hu\/en\/wp-json\/wp\/v2\/comments?post=3612"}],"version-history":[{"count":4,"href":"https:\/\/lanzo.hu\/en\/wp-json\/wp\/v2\/pages\/3612\/revisions"}],"predecessor-version":[{"id":3822,"href":"https:\/\/lanzo.hu\/en\/wp-json\/wp\/v2\/pages\/3612\/revisions\/3822"}],"wp:attachment":[{"href":"https:\/\/lanzo.hu\/en\/wp-json\/wp\/v2\/media?parent=3612"}],"curies":[{"name":"wp","href":"https:\/\/api.w.org\/{rel}","templated":true}]}}